{"id":6,"date":"2014-05-18T11:03:37","date_gmt":"2014-05-18T09:03:37","guid":{"rendered":"http:\/\/www.duszki.pl\/solidarni_z_ukraina\/?page_id=6"},"modified":"2014-05-18T11:04:35","modified_gmt":"2014-05-18T09:04:35","slug":"zgoda-na-publikacje-materalow","status":"publish","type":"page","link":"http:\/\/www.duszki.pl\/solidarni_z_ukraina\/?page_id=6","title":{"rendered":"Zgoda na publikacje matera\u0142\u00f3w"},"content":{"rendered":"<p><strong><em>Drodzy Czytelnicy strony Duszk\u00f3w!<\/em><\/strong><\/p>\n<p><strong><em>\u00a0Po uzgodnieniu z Autorem rozpoczynamy publikowanie przemy\u015ble\u0144 Dmytro Tymczuka nt. aktualnej sytuacji na Ukrainie oraz jego \u201edziennika frontowego\u201d. <\/em><\/strong><\/p>\n<p><strong><em>Dzi\u0119kujemy serdecznie- <\/em><\/strong><strong><em>\u0429\u0438\u0440\u043e \u0434\u044f\u043a\u0443\u0454\u043c\u043e!<\/em><\/strong><\/p>\n<p><strong><em>Dmitrij (Dmytro) Tymczuk<\/em><\/strong><\/p>\n<p><strong><em><img loading=\"lazy\" decoding=\"async\" class=\"alignnone size-medium wp-image-8\" src=\"http:\/\/www.duszki.pl\/solidarni_z_ukraina\/wp-content\/uploads\/2014\/05\/Dmytro_Tymczuk_foto-300x265.jpg\" alt=\"Dmytro_Tymczuk_foto\" width=\"300\" height=\"265\" srcset=\"http:\/\/www.duszki.pl\/solidarni_z_ukraina\/wp-content\/uploads\/2014\/05\/Dmytro_Tymczuk_foto-300x265.jpg 300w, http:\/\/www.duszki.pl\/solidarni_z_ukraina\/wp-content\/uploads\/2014\/05\/Dmytro_Tymczuk_foto.jpg 550w\" sizes=\"auto, (max-width: 300px) 100vw, 300px\" \/><\/em><\/strong><\/p>\n<p><strong><em>Grupa \u201eOp\u00f3r informacyjny\u201d<\/em><\/strong><\/p>\n<p><strong><em><img loading=\"lazy\" decoding=\"async\" class=\"alignnone size-medium wp-image-7\" src=\"http:\/\/www.duszki.pl\/solidarni_z_ukraina\/wp-content\/uploads\/2014\/05\/logo_grupy-_opor_informacyjny-300x111.jpg\" alt=\"logo_grupy _opor_informacyjny\" width=\"300\" height=\"111\" srcset=\"http:\/\/www.duszki.pl\/solidarni_z_ukraina\/wp-content\/uploads\/2014\/05\/logo_grupy-_opor_informacyjny-300x111.jpg 300w, http:\/\/www.duszki.pl\/solidarni_z_ukraina\/wp-content\/uploads\/2014\/05\/logo_grupy-_opor_informacyjny.jpg 851w\" sizes=\"auto, (max-width: 300px) 100vw, 300px\" \/><\/em><\/strong><\/p>\n<p><strong><em>6 maja 2014 r.<\/em> <\/strong><\/p>\n<p><strong><em>(t\u0142umaczenie: Paw\u0142o Kost, az)<\/em><\/strong><\/p>\n","protected":false},"excerpt":{"rendered":"<p>Drodzy Czytelnicy strony Duszk\u00f3w! \u00a0Po uzgodnieniu z Autorem rozpoczynamy publikowanie przemy\u015ble\u0144 Dmytro Tymczuka nt. aktualnej sytuacji na Ukrainie oraz jego \u201edziennika frontowego\u201d. Dzi\u0119kujemy serdecznie- \u0429\u0438\u0440\u043e \u0434\u044f\u043a\u0443\u0454\u043c\u043e! Dmitrij (Dmytro) Tymczuk Grupa \u201eOp\u00f3r informacyjny\u201d 6 maja 2014 r. (t\u0142umaczenie: Paw\u0142o Kost, az)<\/p>\n","protected":false},"author":1,"featured_media":0,"parent":0,"menu_order":0,"comment_status":"open","ping_status":"open","template":"","meta":{"om_disable_all_campaigns":false,"_monsterinsights_skip_tracking":false,"_monsterinsights_sitenote_active":false,"_monsterinsights_sitenote_note":"","_monsterinsights_sitenote_category":0,"footnotes":""},"class_list":["post-6","page","type-page","status-publish","hentry"],"aioseo_notices":[],"_links":{"self":[{"href":"http:\/\/www.duszki.pl\/solidarni_z_ukraina\/index.php?rest_route=\/wp\/v2\/pages\/6","targetHints":{"allow":["GET"]}}],"collection":[{"href":"http:\/\/www.duszki.pl\/solidarni_z_ukraina\/index.php?rest_route=\/wp\/v2\/pages"}],"about":[{"href":"http:\/\/www.duszki.pl\/solidarni_z_ukraina\/index.php?rest_route=\/wp\/v2\/types\/page"}],"author":[{"embeddable":true,"href":"http:\/\/www.duszki.pl\/solidarni_z_ukraina\/index.php?rest_route=\/wp\/v2\/users\/1"}],"replies":[{"embeddable":true,"href":"http:\/\/www.duszki.pl\/solidarni_z_ukraina\/index.php?rest_route=%2Fwp%2Fv2%2Fcomments&post=6"}],"version-history":[{"count":3,"href":"http:\/\/www.duszki.pl\/solidarni_z_ukraina\/index.php?rest_route=\/wp\/v2\/pages\/6\/revisions"}],"predecessor-version":[{"id":12,"href":"http:\/\/www.duszki.pl\/solidarni_z_ukraina\/index.php?rest_route=\/wp\/v2\/pages\/6\/revisions\/12"}],"wp:attachment":[{"href":"http:\/\/www.duszki.pl\/solidarni_z_ukraina\/index.php?rest_route=%2Fwp%2Fv2%2Fmedia&parent=6"}],"curies":[{"name":"wp","href":"https:\/\/api.w.org\/{rel}","templated":true}]}}