{"id":2,"date":"2014-05-11T08:48:45","date_gmt":"2014-05-11T06:48:45","guid":{"rendered":"http:\/\/192.168.1.3\/solidarni_z_ukraina\/?page_id=2"},"modified":"2014-05-18T12:59:01","modified_gmt":"2014-05-18T10:59:01","slug":"o-stronie","status":"publish","type":"page","link":"http:\/\/www.duszki.pl\/solidarni_z_ukraina\/?page_id=2","title":{"rendered":"O stronie"},"content":{"rendered":"<p>Dzie\u0144 dobry drogi Czytelniku!<\/p>\n<p>&nbsp;<\/p>\n<p>Strona powsta\u0142a, poniewa\u017c chcemy udzieli\u0107 wsparcia Ukrainie i Ukrai\u0144com &#8211; walcz\u0105cym o wolno\u015b\u0107 i niezale\u017cno\u015b\u0107, o \u017cycie w kraju niezale\u017cnym i demokratycznym.<\/p>\n<p><a href=\"http:\/\/www.duszki.pl\/solidarni_z_ukraina\/wp-content\/uploads\/2014\/05\/0214525-billboard3.jpg\"><img loading=\"lazy\" decoding=\"async\" class=\"alignnone size-medium wp-image-55\" src=\"http:\/\/www.duszki.pl\/solidarni_z_ukraina\/wp-content\/uploads\/2014\/05\/0214525-billboard3-300x200.jpg\" alt=\"0214525-billboard3\" width=\"300\" height=\"200\" srcset=\"http:\/\/www.duszki.pl\/solidarni_z_ukraina\/wp-content\/uploads\/2014\/05\/0214525-billboard3-300x200.jpg 300w, http:\/\/www.duszki.pl\/solidarni_z_ukraina\/wp-content\/uploads\/2014\/05\/0214525-billboard3.jpg 600w\" sizes=\"auto, (max-width: 300px) 100vw, 300px\" \/><\/a><\/p>\n<p>Zapraszamy do czytania<\/p>\n<p>Serdecznie pozdrawiamy<\/p>\n<p>Redakcja Zjk.pl i Duszki.pl<\/p>\n<p>&nbsp;<\/p>\n<p>&nbsp;<\/p>\n","protected":false},"excerpt":{"rendered":"<p>Dzie\u0144 dobry drogi Czytelniku! &nbsp; Strona powsta\u0142a, poniewa\u017c chcemy udzieli\u0107 wsparcia Ukrainie i Ukrai\u0144com &#8211; walcz\u0105cym o wolno\u015b\u0107 i niezale\u017cno\u015b\u0107, o \u017cycie w kraju niezale\u017cnym i demokratycznym. Zapraszamy do czytania Serdecznie pozdrawiamy Redakcja Zjk.pl i Duszki.pl &nbsp; &nbsp;<\/p>\n","protected":false},"author":1,"featured_media":0,"parent":0,"menu_order":0,"comment_status":"open","ping_status":"closed","template":"","meta":{"om_disable_all_campaigns":false,"_monsterinsights_skip_tracking":false,"_monsterinsights_sitenote_active":false,"_monsterinsights_sitenote_note":"","_monsterinsights_sitenote_category":0,"footnotes":""},"class_list":["post-2","page","type-page","status-publish","hentry"],"aioseo_notices":[],"_links":{"self":[{"href":"http:\/\/www.duszki.pl\/solidarni_z_ukraina\/index.php?rest_route=\/wp\/v2\/pages\/2","targetHints":{"allow":["GET"]}}],"collection":[{"href":"http:\/\/www.duszki.pl\/solidarni_z_ukraina\/index.php?rest_route=\/wp\/v2\/pages"}],"about":[{"href":"http:\/\/www.duszki.pl\/solidarni_z_ukraina\/index.php?rest_route=\/wp\/v2\/types\/page"}],"author":[{"embeddable":true,"href":"http:\/\/www.duszki.pl\/solidarni_z_ukraina\/index.php?rest_route=\/wp\/v2\/users\/1"}],"replies":[{"embeddable":true,"href":"http:\/\/www.duszki.pl\/solidarni_z_ukraina\/index.php?rest_route=%2Fwp%2Fv2%2Fcomments&post=2"}],"version-history":[{"count":4,"href":"http:\/\/www.duszki.pl\/solidarni_z_ukraina\/index.php?rest_route=\/wp\/v2\/pages\/2\/revisions"}],"predecessor-version":[{"id":57,"href":"http:\/\/www.duszki.pl\/solidarni_z_ukraina\/index.php?rest_route=\/wp\/v2\/pages\/2\/revisions\/57"}],"wp:attachment":[{"href":"http:\/\/www.duszki.pl\/solidarni_z_ukraina\/index.php?rest_route=%2Fwp%2Fv2%2Fmedia&parent=2"}],"curies":[{"name":"wp","href":"https:\/\/api.w.org\/{rel}","templated":true}]}}